{"id":1390,"date":"2018-06-01T15:41:06","date_gmt":"2018-06-01T13:41:06","guid":{"rendered":"https:\/\/www.apotheke-am-dermatologikum.de\/?page_id=1390"},"modified":"2023-01-31T13:42:06","modified_gmt":"2023-01-31T12:42:06","slug":"datenschutzerklaerung","status":"publish","type":"page","link":"https:\/\/www.apotheke-am-dermatologikum.de\/index.php\/datenschutzerklaerung\/","title":{"rendered":"Datenschutzerkl\u00e4rung"},"content":{"rendered":"<p><strong>Datenschutzerkla\u0308rung<\/strong><br \/>\n<strong>Die Apotheke am Dermatologikum<\/strong><br \/>\nInhaberin Jasmin Menk e.K., Stephansplatz 1 \u2013 5, 20354 Hamburg<\/p>\n<p>Stand: 05\/2018<\/p>\n<p>Die Apotheke am Dermatologikum (<a href=\"https:\/\/www.apotheke-am-dermatologikum.de\">www.apotheke-am-dermatologikum.de<\/a> und <a href=\"http:\/\/www.die-apotheke-liefert.de\">www.die-apotheke-liefert.de<\/a> ) nimmt den Schutz Ihrer personenbezogenen Daten sehr ernst. Wir richten unsere Datenverarbeitung an dem Ziel aus, nur die fu\u0308r eine sinnvolle und wirtschaftliche Nutzung unseres Angebotes erforderlichen, personenbezogenen Daten zu erheben, verarbeiten oder zu nutzen.<br \/>\nNachfolgend erfahren Sie, wann bei der Nutzung unseres Internetangebotes Daten gespeichert werden und wie wir diese verwenden. Wir haben technische und organisatorische Ma\u00dfnahmen getroffen, die sicherstellen, dass die Vorschriften \u00fcber den Datenschutz eingehalten werden. Unsere Angebote unterliegen insbesondere den Bestimmungen des Bundesdatenschutzgesetzes und des Telemediengesetzes sowie der Datenschutz-Grundverordnung (DS-GVO).<\/p>\n<p><strong>I. Name und Anschrift des Verantwortlichen<\/strong><br \/>\nDer Verantwortliche im Sinne der Datenschutz-Grundverordnung (DS-GVO) sowie sonstiger datenschutzrechtlicher Bestimmungen ist:<br \/>\nDie Apotheke am Dermatologikum<br \/>\nJasmin Menk e.K.<br \/>\nStephansplatz 1 \u2013 5<br \/>\n20354 Hamburg<br \/>\neMail: <a href=\"info@apotheke-am-dermatologikum.de\">info@apotheke-am-dermatologikum.de<\/a><br \/>\nTelefon: <a href=\"tel:+040819 719 60\">040 \/ 819 719 60<\/a><\/p>\n<p><strong>II. Name und Anschrift des Datenschutzbeauftragten<\/strong><br \/>\nDer Datenschutzbeauftragte des Verantwortlichen ist:<\/p>\n<div class=\"page\" title=\"Page 1\">\n<div class=\"layoutArea\">\n<div class=\"column\">\n<p>B.Sc. Julius Wegner<br \/>\nCorthumstr. 2<br \/>\n21029 Hamburg<br \/>\nTel. 040-711 89 4 89<br \/>\nE-Mail: anfrage@pharmazert.de<\/p>\n<\/div>\n<\/div>\n<\/div>\n<p><strong>III. Allgemeines zur Datenverarbeitung<\/strong><\/p>\n<p>1. Umfang der Verarbeitung personenbezogener Daten<br \/>\nWir erheben und verwenden personenbezogene Daten unserer Kunden, insbesondere gesundheitsbezogene Daten, grunds\u00e4tzlich nur, soweit dies im Rahmen unserer T\u00e4tigkeit als Apotheke erforderlich ist. Die Erhebung und Verwendung personenbezogener Daten unserer Kunden erfolgt regelm\u00e4\u00dfig nur auf der Grundlage einer gesetzlichen Erm\u00e4chtigung, von Vertr\u00e4gen oder nach Einwilligung des Kunden.<\/p>\n<p>2. Datenl\u00f6schung und Speicherdauer<br \/>\nDie personenbezogenen Daten der betroffenen Person werden gel\u00f6scht oder gesperrt, sobald der Zweck der Speicherung entf\u00e4llt. Eine Speicherung kann dar\u00fcber hinaus erfolgen, wenn dies durch den europ\u00e4ischen oder nationalen Gesetzgeber in unionsrechtlichen Verordnungen, Gesetzen oder sonstigen Vorschriften, denen der Verantwortliche unterliegt, vorgesehen wurde. Eine Sperrung oder L\u00f6schung der Daten erfolgt auch dann, wenn eine durch die genannten Normen vorgeschriebene Speicherfrist abl\u00e4uft, es sei denn, dass eine Erforderlichkeit zur weiteren Speicherung der Daten f\u00fcr einen Vertragsabschluss oder eine Vertragserf\u00fcllung besteht.<\/p>\n<p><strong>IV. Verarbeitungsprozesse<\/strong><\/p>\n<p>1. Rezeptabrechnung mit der GKV oder anderen Kostentr\u00e4gern<br \/>\nWenn Sie bei uns ein Rezept der gesetzlichen Krankenversicherung (GKV) oder eines anderen Kostentr\u00e4gers einl\u00f6sen, erheben und verarbeiten unsere Mitarbeiter die personenbezogenen Daten und Gesundheitsdaten auf ihrem Rezept (Name, Adresse, Geburtsdatum, Krankenkasse, Versichertennummer, Medikation, verordnender Arzt, bei Hilfsmittelrezepten die Indikation\/Diagnose). Dazu \u00fcbermitteln wir in analoger Form und digitaler und verschl\u00fcsselter Form die Rezeptdaten an ein von uns beauftragtes Rechenzentrum, welches ihre Daten und die Daten anderer Versicherter in der GKV und anderen Kostentr\u00e4gern geb\u00fcndelt an die jeweiligen gesetzlichen Krankassen oder anderen Kostentr\u00e4ger zum Zwecke der Rezeptabrechnung weitergibt. Zugriff auf diese Daten haben daher unsere Mitarbeiter und das Rechenzentrum.<br \/>\nWir haben alle unsere Mitarbeiter und das Rechenzentrum zur Verschwiegenheit und zur Wahrung des Datengeheimnisses verpflichtet.<br \/>\nWir verarbeiten Ihre Daten unter Einbindung eines Rechenzentrums im Rahmen der Rezeptabrechnung mit der GKV gem\u00e4\u00df \u00a7\u00a7 300, 302 SGB V. Wir l\u00f6schen ihre Daten nach der Abrechnung mit der GKV oder anderen Kostentr\u00e4gern.<br \/>\nIm Falle der Direktabrechnung mit der privaten Krankenversicherung (PKV) rechnen wir direkt mit Ihrer Krankenversicherung auf Grundlage vertraglicher Vereinbarungen mit der PKV ab. Eine L\u00f6schung erfolgt gem. \u00a7 147 AO.<\/p>\n<p>2. Kundenkarten<br \/>\nWir bieten Ihnen auf freiwilliger Basis eine Kundenkarte an. Auf der Kundenkarte werden auf Ihren Wunsch Ihr Name, Adresse, Geburtsdatum, Telefonnummer, Rezeptdaten, lebensbedrohliche Allergien, schwerwiegende Erkrankungen, Medikationsplan, bei uns von Ihnen gekaufte Arzneimittel, Hilfsmittel, Kosmetik, Nahrungserg\u00e4nzungsmittel und \u00e4hnliche Produkte sowie Ihr Hausarzt (Gesundheitsdaten) gespeichert. Diese Daten werden hinsichtlich arzneimittelbezogener Probleme, wie z.B. Wechselwirkungen und Problemen bei der Anwendung, gepr\u00fcft. Ziel ist es, die Effektivit\u00e4t der Arzneimitteltherapie zu erh\u00f6hen und Arzneimittelrisiken zu verringern. Zudem dient das Kundenkonto dazu, einen Nachweis \u00fcber geleistete Aufwendungen zur Vorlage bei der Krankenkasse und dem Finanzamt zu erstellen (Zuzahlungsbescheinigung).<br \/>\nDie Kundenkarte wird in unserer Hauptapotheke und der Filialapotheke gespeichert, damit Sie und unsere Mitarbeiter in jeder unserer Betriebsst\u00e4tten Zugriff auf Ihre gespeicherten Daten haben und diese erg\u00e4nzen k\u00f6nnen. Die Einwilligung zur Nutzung Ihrer Daten im Rahmen unserer Kundenkarte k\u00f6nnen Sie jederzeit schriftlich oder in Textform (E-Mail) ohne Angabe von Gr\u00fcnden und mit Wirkung f\u00fcr die Zukunft widerrufen. In diesem Fall l\u00f6schen wir ihre Daten mit Zugang Ihrer Widerrufserkl\u00e4rung. Sollten Sie l\u00e4nger als drei Jahre keine Medikamente oder Hilfsmittel aus unseren Apotheken bezogen haben, l\u00f6schen wir Ihre personenbezogenen Daten.<\/p>\n<p>3. Medikationsanalyse und Medikationsmanagement<br \/>\nWir bieten Ihnen als gesonderte Dienstleistung oder im Rahmen unserer Kundenkarte eine Medikationsanalyse oder Medikationsmanagement an. F\u00fcr eine erfolgreiche und effektive Analyse und Management werden Ihr Name, Geburtsdatum, Adresse sowie Daten mit Gesundheitsbezug (Krankenkasse, Versichertennummer, verordnender Arzt, Arzneimittel und Hilfsmittel, Indikationen und Diagnosen, Rezepte) durch unser Apothekenpersonal verarbeitet und f\u00fcr einen Zeitraum von 3 Jahren gespeichert. Wir verarbeiten diese Daten auf Grundlage eines Vertrages mit Ihnen. Auf diese Daten hat nur unser Apothekenpersonal Zugriff und nur auf Ihren Wunsch leiten wir die Daten an ihren behandelnden Arzt oder andere Dritte weiter.<\/p>\n<p>4. Dokumentationspflichten<br \/>\nIm Rahmen unserer pharmazeutischen T\u00e4tigkeit obliegen uns gesetzliche Dokumentationspflichten, wodurch wir Ihren Namen, Geburtsdatum, Adresse sowie Daten mit Gesundheitsbezug (Krankenkasse, Versichertennummer, verordnender Arzt, Arzneimittel und Hilfsmittel, Indikationen und Diagnosen, Rezepte) verarbeiten und speichern. Dies ist z.B. der Fall bei der Rezepturherstellung, bei der Belieferung von T-Rezepten, bei der Abgabe von Bet\u00e4ubungsmitteln, Tierarzneimitteln, importierten Arzneimitteln oder Gefahrstoffen. Auf diese Daten haben unsere Mitarbeiter und im Falle von Kontrollen die jeweilige Aufsichtsbeh\u00f6rde Zugriff.<\/p>\n<p>5. Daten\u00fcbermittlung oder Zugriff Dritter<br \/>\nAls Apotheke sind auch wir auf externe fachkundige Hilfe wie IT-Dienstleister zur Bereitstellung und Wartung unserer Hard- und Software oder sonstigen Service angewiesen. Im Rahmen dieser Einbindung k\u00f6nnen unseren externen Dienstleistern auch personenbezogene Daten bekannt werden, daher verpflichten wir unsere externen Dienstleister zur Verschwiegenheit und zur Wahrung des Datengeheimnisses und begrenzen ihre Zugriffsm\u00f6glichkeiten auf personenbezogene Daten auf ein Minimum. Auch Aufsichtsbeh\u00f6rden kontrollieren Apotheken regelm\u00e4\u00dfig und haben dabei Zugriff auf personenbezogene Daten und Gesundheitsdaten.<\/p>\n<p><strong>V. Rechte der betroffenen Personen<\/strong><\/p>\n<p>1. Recht auf Auskunft<br \/>\nSie haben das Recht, eine Best\u00e4tigung dar\u00fcber zu verlangen, ob Sie betreffende Daten verarbeitet werden. Ist dies der Fall, haben Sie ein Recht auf Auskunft \u00fcber diese Daten sowie auf weitere Informationen entsprechend Art. 15 DSGVO.<\/p>\n<p>2. Recht auf Berichtigung<br \/>\nSie haben entsprechend. Art. 16 DSGVO das Recht, die Vervollst\u00e4ndigung der Sie betreffenden Daten oder die Berichtigung der Sie betreffenden unrichtigen Daten zu verlangen.<\/p>\n<p>3. Recht auf L\u00f6schung und Einschr\u00e4nkung der Verarbeitung<br \/>\nSie haben nach Ma\u00dfgabe des Art. 17 DSGVO das Recht zu verlangen, dass betreffende Daten unverz\u00fcglich gel\u00f6scht werden, bzw. alternativ nach Ma\u00dfgabe des Art. 18 DSGVO eine Einschr\u00e4nkung der Verarbeitung der Daten zu verlangen. Im Falle gesetzlicher Dokumentations- oder Aufbewahrungspflichten besteht kein Recht auf L\u00f6schung bis zum Ende der gesetzlichen Fristen.<br \/>\nHaben Sie das Recht auf Berichtigung, L\u00f6schung oder Einschr\u00e4nkung der Verarbeitung gegen\u00fcber dem Verantwortlichen geltend gemacht, ist dieser verpflichtet, allen Empf\u00e4ngern, denen die Sie betreffenden personenbezogenen Daten offengelegt wurden, diese Berichtigung oder L\u00f6schung der Daten oder Einschr\u00e4nkung der Verarbeitung mitzuteilen, es sei denn, dies erweist sich als unm\u00f6glich oder ist mit einem unverh\u00e4ltnism\u00e4\u00dfigen Aufwand verbunden. Ihnen steht gegen\u00fcber der Apotheke das Recht zu, \u00fcber diese Empf\u00e4nger unterrichtet zu werden.<\/p>\n<p>4. Widerspruch<br \/>\nSie k\u00f6nnen der k\u00fcnftigen Verarbeitung der Sie betreffenden Daten nach Ma\u00dfgabe des Art. 21 DSGVO jederzeit widersprechen. Der Widerspruch kann insbesondere gegen die Verarbeitung f\u00fcr Zwecke der Direktwerbung erfolgen.<\/p>\n<p>5. Recht auf Daten\u00fcbertragbarkeit<br \/>\nSie haben das Recht zu verlangen, dass die Sie betreffenden Daten, die Sie uns bereitgestellt haben nach Ma\u00dfgabe des Art. 20 DSGVO zu erhalten und deren \u00dcbermittlung an andere Verantwortliche zu fordern.<\/p>\n<p>6. Recht auf Widerruf der datenschutzrechtlichen Einwilligungserkl\u00e4rung<br \/>\nSie haben das Recht, erteilte Einwilligungen gem. Art. 7 Abs. 3 DSGVO mit Wirkung f\u00fcr die Zukunft zu widerrufen.<\/p>\n<p>7. Recht auf Beschwerde bei der Aufsichtsbeh\u00f6rde<br \/>\nSie haben gem. Art. 77 DSGVO das Recht, eine Beschwerde bei der zust\u00e4ndigen Aufsichtsbeh\u00f6rde einzureichen, wenn Sie der Ansicht sind, dass die Verarbeitung der Sie betreffenden personenbezogenen Daten gegen die DSGVO verst\u00f6\u00dft (Art. 77 DSGVO).<br \/>\nIn Hamburg ist die zust\u00e4ndige Aufsichtsbeh\u00f6rde: Der Hamburgische Beauftragte f\u00fcr den Datenschutz und Informationsfreiheit, Kurt-Schumacher-Alle 4, 20097 Hamburg, Tel 040 \/ 428544040<\/p>\n<p><strong>VI. Newsletter \/ elektronische Information<\/strong><br \/>\nWenn wir Ihre E\u2010Mail\u2010Adresse im Zusammenhang mit dem Verkauf einer Ware oder Dienstleistung erhalten und Sie nicht widersprochen haben, behalten wir uns vor, Ihnen regelma\u0308\u00dfig Angebote zu a\u0308hnlichen Produkten, wie den bereits gekauften, aus unserem Sortiment und die Mo\u0308glichkeit einer Produktbewertung per E\u2010Mail zuzusenden. Sie ko\u0308nnen dieser Verwendung Ihrer E\u2010 Mail\u2010Adresse jederzeit durch eine Nachricht an die E\u2010Mail\u2010Adresse info@apotheke-am-dermatologikum.de oder u\u0308ber einen dafu\u0308r vorgesehenen Link in der Werbemail widersprechen.<br \/>\nWenn Sie sich zu unserem Newsletter anmelden, verwenden wir die hierfu\u0308r erforderlichen oder gesondert von Ihnen mitgeteilten Daten, um Ihnen regelma\u0308\u00dfig unseren E\u2010Mail\u2010Newsletter entsprechend Ihrer Einwilligung zuzusenden. Die Abmeldung vom Newsletter ist jederzeit mo\u0308glich und kann entweder durch eine Nachricht an die unten beschriebene Kontaktmo\u0308glichkeit oder u\u0308ber einen dafu\u0308r vorgesehenen Link im Newsletter erfolgen.<br \/>\nEs erfolgt keine Weitergabe Ihrer Daten an Dritte. Ausgenommen sind ausschlie\u00dflich Partnerunternehmen, die fu\u0308r die technische Abwicklung des Newsletter\u2010Versandes verantwortlich sind. In diesen Fa\u0308llen beschra\u0308nkt sich der Umfang der u\u0308bermittelten Daten jedoch nur auf das erforderliche Minimum.<\/p>\n<p><strong>VII. Besondere Regelungen im Online-Bereich<\/strong><\/p>\n<p>1. Webanalyse mit Google Analytics<br \/>\nDiese Website benutzt Google Analytics, einen Webanalysedienst der Google Inc.. Google Analytics verwendet sog. Cookies, Textdateien, die auf Ihrem Computer gespeichert werden und die eine Analyse der Benutzung der Website durch Sie erm\u00f6glichen. Die durch den Cookie erzeugten Informationen \u00fcber Ihre Benutzung dieser Website werden in der Regel an einen Server von Google in den USA \u00fcbertragen und dort gespeichert. Im Falle der Aktivierung der IP\u2010Anonymisierung auf dieser Webseite, wird Ihre IP\u2010Adresse von Google jedoch innerhalb von Mitgliedstaaten der Europ\u00e4ischen Union oder in anderen Vertragsstaaten des Abkommens \u00fcber den Europ\u00e4ischen Wirtschaftsraum zuvor gek\u00fcrzt. Nur in Ausnahmef\u00e4llen wird die volle IP\u2010Adresse an einen Server von Google in den USA \u00fcbertragen und dort gek\u00fcrzt. Im Auftrag des Betreibers dieser Website wird Google diese Informationen benutzen, um Ihre Nutzung der Website auszuwerten, um Reports \u00fcber die Websiteaktivita\u0308ten zusammenzustellen und um weitere mit der Websitenutzung und der Internetnutzung verbundene Dienstleistungen gegen\u00fcber dem Websitebetreiber zu erbringen. Die im Rahmen von Google Analytics von Ihrem Browser \u00fcbermittelte IP\u2010Adresse wird nicht mit anderen Daten von Google zusammengef\u00fchrt. Sie k\u00f6nnen die Speicherung der Cookies durch eine entsprechende Einstellung Ihrer Browser\u2010Software verhindern; wir weisen Sie jedoch darauf hin, dass Sie in diesem Fall gegebenenfalls nicht den vollen Umfang der Website nutzen k\u00f6nnen. Sie k\u00f6nnen dar\u00fcber hinaus die Erfassung der durch das Cookie erzeugten und auf Ihre Nutzung der Website bezogenen Daten (inkl. Ihrer IP\u2010Adresse) an Google sowie die Verarbeitung dieser Daten durch Google verhindern, indem Sie das unter dem folgenden Link verf\u00fcgbare Browser\u2010Plug\u2010In herunterladen und installieren:<br \/>\nhttp:\/\/tools.google.com\/dlpage\/gaoptout?hl=de<\/p>\n<p>2. Einsatz von Cookies<br \/>\nUm den Besuch unserer Website attraktiv zu gestalten und die Nutzung bestimmter Funktionen zu erm\u00f6glichen, verwenden wir auf verschiedenen Seiten sogenannte Cookies. Hierbei handelt es sich um kleine Textdateien, die auf Ihrem Endger\u00e4t abgelegt werden. Einige der von uns verwendeten Cookies werden nach dem Ende der Browser\u2010Sitzung, also nach Schlie\u00dfen Ihres Browsers, wieder gel\u00f6scht (sog. Sitzung\u2010Cookies). Andere Cookies verbleiben auf ihrem Endger\u00e4t und erm\u00f6glichen uns oder unseren Partnerunternehmen, Ihren Browser beim n\u00e4chsten Besuchen wiederzuerkennen, (persistente Cookies). Sie k\u00f6nnen Ihren Browser so einstellen, dass Sie \u00fcber das Setzen von Cookies informiert werden und einzeln \u00fcber deren Annahme entscheiden oder die Annahme von Cookies f\u00fcr bestimmte F\u00e4lle oder generell ausschlie\u00dfen. Bei der Nichtannahme von Cookies kann die Funktionalit\u00e4t unserer Website eingeschr\u00e4nkt werden.<\/p>\n<p>3. Kinder<br \/>\nPersonen unter 18 Jahren sollen ohne Zustimmung der Eltern oder Erziehungsberechtigten keine personenbezogenen Daten an uns \u00fcbermitteln. Wir fordern keine personenbezogenen Daten von Kindern an, sammeln diese nicht und geben sie nicht an Dritte weiter.<\/p>\n<p>3. Links zu anderen Websites<br \/>\nMit seinem Urteil vom 12. Mai 1998 hat das Landgericht Hamburg entschieden, dass man durch die Verwendung von Links, die Inhalte der gelinkten Seiten ggf. mit zu verantworten hat. Wir haben keinerlei Einfluss auf die Gestaltung der von unseren Seiten gelinkten Seiten und distanzieren uns deswegen ausdru\u0308cklich von allen dortigen Inhalten. Dies gilt fu\u0308r alle Links unserer Seiten, die zu einer anderen Domain als zu unserer Homepage fu\u0308hren. Wir erkla\u0308ren uns daher ausschlie\u00dflich fu\u0308r die Inhalte verantwortlich, aus denen unsere Homepage besteht, deren Gestaltung wir beeinflussen ko\u0308nnen.<\/p>\n<p>4. Verwendung von Facebook Social Plugins<br \/>\nAuf unserer Website werden sogenannte Social Plugins (&#8222;Plugins&#8220;) des sozialen Netzwerkes Facebook verwendet, das von der Facebook Inc., 1601 S. California Ave, Palo Alto, CA 94304, USA (&#8222;Facebook&#8220;) betrieben wird. Die Plugins sind mit einem Facebook\u2010Logo oder dem Zusatz &#8222;Soziales Plug\u2010in von Facebook&#8220; bzw. &#8222;Facebook Social Plugin&#8220; gekennzeichnet. Eine U\u0308bersicht u\u0308ber die Facebook Plugins und deren Aussehen finden Sie hier: (https:\/\/developers.facebook.com\/docs\/plugins)<br \/>\nWenn Sie eine Seite unseres Webauftritts aufrufen, die ein solches Plugin entha\u0308lt, stellt Ihr Browser eine direkte Verbindung zu den Servern von Facebook her. Der Inhalt des Plugins wird von Facebook direkt an Ihren Browser u\u0308bermittelt und in die Seite eingebunden. Durch diese Einbindung erha\u0308lt Facebook die Information, dass Ihr Browser die entsprechende Seite unseres Webauftritts aufgerufen hat, auch wenn Sie kein Facebook\u2010Profil besitzen oder gerade nicht bei Facebook eingeloggt sind. Diese Information (einschlie\u00dflich Ihrer IP\u2010Adresse) wird von Ihrem Browser direkt an einen Server von Facebook in die USA u\u0308bermittelt und dort gespeichert. Sind Sie bei Facebook eingeloggt, kann Facebook den Besuch unserer Website Ihrem Facebook\u2010Profil unmittelbar zuordnen. Wenn Sie mit den Plugins interagieren, zum Beispiel den &#8222;Gefa\u0308llt mir&#8220;\u2010 Button beta\u0308tigen oder einen Kommentar abgeben, wird diese Information ebenfalls direkt an einen Server von Facebook u\u0308bermittelt und dort gespeichert. Die Informationen werden au\u00dferdem auf Ihrem Facebook\u2010Profil vero\u0308ffentlicht und Ihren Facebook\u2010Freunden angezeigt. Zweck und Umfang der Datenerhebung und die weitere Verarbeitung und Nutzung der Daten durch Facebook sowie Ihre diesbezu\u0308glichen Rechte und Einstellungsmo\u0308glichkeiten zum Schutz Ihrer Privatspha\u0308re entnehmen Sie bitte den Datenschutzhinweisen von Facebook: (http:\/\/www.facebook.com\/policy.php)<br \/>\nWenn Sie nicht mo\u0308chten, dass Facebook die u\u0308ber unseren Webauftritt gesammelten Daten unmittelbar Ihrem Facebook\u2010Profil zuordnet, mu\u0308ssen Sie sich vor Ihrem Besuch unserer Website bei Facebook ausloggen. Sie ko\u0308nnen das Laden der Facebook Plugins auch mit Add\u2010Ons fu\u0308r Ihren Browser komplett verhindern, z.B. mit dem &#8222;Facebook Blocker&#8220; (http:\/\/webgraph.com\/resources\/facebookblocker\/).<\/p>\n<p><strong>A\u0308nderungen<\/strong><br \/>\nDiese Hinweise unterliegen der jeweiligen Rechtslage und ko\u0308nnen daher Anpassungen erforderlich machen. Fu\u0308r Fragen, Anregungen oder Kommentare wenden Sie sich bitte per E\u2010Mail an kontakt@apotheke-am-dermatologikum.de.<\/p>\n","protected":false},"excerpt":{"rendered":"<p>Datenschutzerkla\u0308rung Die Apotheke am Dermatologikum Inhaberin Jasmin Menk e.K., Stephansplatz 1 \u2013 5, 20354 Hamburg Stand: 05\/2018 Die Apotheke am Dermatologikum (www.apotheke-am-dermatologikum.de und www.die-apotheke-liefert.de ) nimmt den Schutz Ihrer personenbezogenen Daten sehr ernst. Wir richten unsere Datenverarbeitung an dem Ziel aus, nur die fu\u0308r eine sinnvolle und wirtschaftliche Nutzung unseres Angebotes erforderlichen, personenbezogenen Daten zu [&hellip;]<\/p>\n","protected":false},"author":3,"featured_media":0,"parent":0,"menu_order":0,"comment_status":"closed","ping_status":"closed","template":"","meta":{"footnotes":""},"class_list":["post-1390","page","type-page","status-publish","hentry"],"_links":{"self":[{"href":"https:\/\/www.apotheke-am-dermatologikum.de\/index.php\/wp-json\/wp\/v2\/pages\/1390","targetHints":{"allow":["GET"]}}],"collection":[{"href":"https:\/\/www.apotheke-am-dermatologikum.de\/index.php\/wp-json\/wp\/v2\/pages"}],"about":[{"href":"https:\/\/www.apotheke-am-dermatologikum.de\/index.php\/wp-json\/wp\/v2\/types\/page"}],"author":[{"embeddable":true,"href":"https:\/\/www.apotheke-am-dermatologikum.de\/index.php\/wp-json\/wp\/v2\/users\/3"}],"replies":[{"embeddable":true,"href":"https:\/\/www.apotheke-am-dermatologikum.de\/index.php\/wp-json\/wp\/v2\/comments?post=1390"}],"version-history":[{"count":5,"href":"https:\/\/www.apotheke-am-dermatologikum.de\/index.php\/wp-json\/wp\/v2\/pages\/1390\/revisions"}],"predecessor-version":[{"id":1983,"href":"https:\/\/www.apotheke-am-dermatologikum.de\/index.php\/wp-json\/wp\/v2\/pages\/1390\/revisions\/1983"}],"wp:attachment":[{"href":"https:\/\/www.apotheke-am-dermatologikum.de\/index.php\/wp-json\/wp\/v2\/media?parent=1390"}],"curies":[{"name":"wp","href":"https:\/\/api.w.org\/{rel}","templated":true}]}}